{"id":1211,"date":"2021-06-29T17:38:21","date_gmt":"2021-06-29T10:38:22","guid":{"rendered":"https:\/\/maxairvent.com\/?post_type=product&#038;p=1211"},"modified":"2021-06-29T17:46:54","modified_gmt":"2021-06-29T10:46:54","slug":"grills-guards","status":"publish","type":"product","link":"https:\/\/maxairvent.com\/en\/grills-guards\/","title":{"rendered":"Grills &#8211; Guards"},"content":{"rendered":"<p><strong>Grills &#8211; Guards<\/strong><\/p>\n<p>Grills &#8211; Guards is designed for a wide range of supply or exhaust applications such as office buildings, shopping centers, hospitals and universities. The fans are capable of handling clean air to installations involving hot, toxic, noxious or explosive gases.<\/p>\n<ol>\n<li>L\u00e0 d\u00f2ng qu\u1ea1t ly t\u00e2m cao \u00e1p truy\u1ec1n \u0111\u1ed9ng tr\u1ef1c ti\u1ebfp<\/li>\n<li>\u0110\u01b0\u1ee3c thi\u1ebft k\u1ebf s\u1eed d\u1ee5ng cho c\u00e1c ng\u00e0n c\u00f4ng nghi\u1ec7p n\u1eb7ng nh\u01b0 luy\u1ec7n th\u00e9p, nh\u00e0 m\u00e1y g\u1ed7, h\u00f3a ch\u1ea5t, kho\u00e1ng s\u1ea3n\u2026<\/li>\n<li><span style=\"color: #333333; font-size: 14.4px;\">\u0110\u1ed9 ch\u00ednh x\u00e1c cao v\u00e0 c\u00e2n b\u1eb1ng<\/span><\/li>\n<\/ol>\n<ul>\n<li>Airflow: 4,500m3\/h \u2013 15,000 m3\/h<\/li>\n<li>Pressure: 300- 500 mmH2O<\/li>\n<li><span style=\"color: #333333; font-size: 14.4px;\">Power:\u00a0 7.5kW \u2013 30kW<\/span><\/li>\n<\/ul>\n<table style=\"height: 517px; width: 100%; border-collapse: collapse; border-style: solid; border-color: #cccccc;\" border=\"1\" cellspacing=\"10\" cellpadding=\"10\">\n<tbody>\n<tr style=\"height: 42px;\">\n<td style=\"width: 10%; height: 10px; text-align: center;\"><strong>MODEL<\/strong><\/td>\n<td style=\"width: 10%; height: 10px; text-align: center;\"><strong>Power<\/strong><\/p>\n<p><strong>( kW )<\/strong><\/td>\n<td style=\"width: 10%; height: 10px; text-align: center;\"><strong>Speed<\/strong><\/p>\n<p><strong>( v\/ph )<\/strong><\/td>\n<td style=\"width: 10%; height: 10px; text-align: center;\"><strong>Voltage<\/strong><\/p>\n<p><strong>( v )<\/strong><\/td>\n<td style=\"width: 10%; height: 10px; text-align: center;\"><strong>Volume<\/strong><\/p>\n<p><strong>( m\u00b3\/h )<\/strong><\/td>\n<td style=\"width: 2.5%; height: 10px; text-align: center;\"><strong>Pressure<\/strong><\/p>\n<p><strong>( mmH<sub>2<\/sub>O )<\/strong><\/td>\n<td style=\"width: 2.5%; text-align: center;\"><strong>C\u1edf, Bi, G\u1ed1i<\/strong><\/p>\n<p><strong>( NK )<\/strong><\/p>\n<p><strong>\u00a0<\/strong><\/td>\n<\/tr>\n<tr style=\"height: 21px;\">\n<td style=\"width: 10%; height: 72px; text-align: center;\" rowspan=\"2\">SCI-C6<\/td>\n<td style=\"width: 10%; height: 32px; text-align: center;\">7.5<\/td>\n<td style=\"width: 10%; height: 32px; text-align: center;\">1500<\/td>\n<td style=\"width: 10%; height: 32px; text-align: center;\">380<\/td>\n<td style=\"width: 10%; height: 32px; text-align: center;\">4500-5000<\/td>\n<td style=\"width: 2.5%; height: 32px; text-align: center;\">330-300<\/td>\n<td style=\"width: 2.5%; height: 32px; text-align: center;\">6310<\/td>\n<\/tr>\n<tr style=\"height: 21px;\">\n<td style=\"width: 10%; height: 40px; text-align: center;\">11<\/td>\n<td style=\"width: 10%; height: 40px; text-align: center;\">1500<\/td>\n<td style=\"width: 10%; height: 40px; text-align: center;\">380<\/td>\n<td style=\"width: 10%; height: 40px; text-align: center;\">6000-6500<\/td>\n<td style=\"width: 2.5%; height: 40px; text-align: center;\">400-380<\/td>\n<td style=\"width: 2.5%; height: 40px; text-align: center;\">6310<\/td>\n<\/tr>\n<tr style=\"height: 21px;\">\n<td style=\"width: 10%; height: 63px; text-align: center;\" rowspan=\"2\">SCI-C7<\/td>\n<td style=\"width: 10%; height: 42px; text-align: center;\">11<\/td>\n<td style=\"width: 10%; height: 42px; text-align: center;\">1500<\/td>\n<td style=\"width: 10%; height: 42px; text-align: center;\">380<\/td>\n<td style=\"width: 10%; height: 42px; text-align: center;\">6500-7500<\/td>\n<td style=\"width: 2.5%; height: 42px; text-align: center;\">400-300<\/td>\n<td style=\"width: 2.5%; height: 42px; text-align: center;\">6310<\/td>\n<\/tr>\n<tr style=\"height: 21px;\">\n<td style=\"width: 10%; text-align: center; height: 21px;\">15<\/td>\n<td style=\"width: 10%; text-align: center; height: 21px;\">1500<\/td>\n<td style=\"width: 10%; text-align: center; height: 21px;\">380<\/td>\n<td style=\"width: 10%; text-align: center; height: 21px;\">7500-8500<\/td>\n<td style=\"width: 2.5%; text-align: center; height: 21px;\">470-410<\/td>\n<td style=\"width: 2.5%; text-align: center; height: 21px;\">6312<\/td>\n<\/tr>\n<tr style=\"height: 21px;\">\n<td style=\"width: 10%; height: 36px; text-align: center;\" rowspan=\"2\">SCI-C8<\/td>\n<td style=\"width: 10%; height: 15px; text-align: center;\">15<\/td>\n<td style=\"width: 10%; height: 15px; text-align: center;\">1500<\/td>\n<td style=\"width: 10%; height: 15px; text-align: center;\">380<\/td>\n<td style=\"width: 10%; height: 15px; text-align: center;\">9000-12000<\/td>\n<td style=\"width: 2.5%; height: 15px; text-align: center;\">350-290<\/td>\n<td style=\"width: 2.5%; height: 15px; text-align: center;\">6312<\/td>\n<\/tr>\n<tr style=\"height: 21px;\">\n<td style=\"width: 10%; height: 21px; text-align: center;\">22<\/td>\n<td style=\"width: 10%; height: 21px; text-align: center;\">1500<\/td>\n<td style=\"width: 10%; height: 21px; text-align: center;\">380<\/td>\n<td style=\"width: 10%; height: 21px; text-align: center;\">12500-14000<\/td>\n<td style=\"width: 2.5%; height: 21px; text-align: center;\">415-370<\/td>\n<td style=\"width: 2.5%; height: 21px; text-align: center;\">6312<\/td>\n<\/tr>\n<tr style=\"height: 21px;\">\n<td style=\"width: 10%; height: 63px; text-align: center;\">SCI-C10<\/td>\n<td style=\"width: 10%; height: 21px; text-align: center;\">30<\/td>\n<td style=\"width: 10%; height: 21px; text-align: center;\">1500<\/td>\n<td style=\"width: 10%; height: 21px; text-align: center;\">380<\/td>\n<td style=\"width: 10%; height: 21px; text-align: center;\">14000-15000<\/td>\n<td style=\"width: 2.5%; height: 21px; text-align: center;\">500-470<\/td>\n<td style=\"width: 2.5%; height: 21px; text-align: center;\">22312<\/td>\n<\/tr>\n<\/tbody>\n<\/table>\n","protected":false},"excerpt":{"rendered":"<p><strong>Grills &#8211; Guards<\/strong><\/p>\n<p>Grills &#8211; Guards is designed for a wide range of supply or exhaust applications such as office buildings, shopping centers, hospitals and universities. The fans are capable of handling clean air to installations involving hot, toxic, noxious or explosive gases<\/p>\n","protected":false},"featured_media":1213,"template":"","meta":{"inline_featured_image":false},"product_brand":[],"product_cat":[35,64],"product_tag":[],"class_list":{"0":"post-1211","1":"product","2":"type-product","3":"status-publish","4":"has-post-thumbnail","6":"product_cat-accesories","7":"product_cat-grills-guards","9":"first","10":"instock","11":"shipping-taxable","12":"product-type-simple"},"_links":{"self":[{"href":"https:\/\/maxairvent.com\/en\/wp-json\/wp\/v2\/product\/1211","targetHints":{"allow":["GET"]}}],"collection":[{"href":"https:\/\/maxairvent.com\/en\/wp-json\/wp\/v2\/product"}],"about":[{"href":"https:\/\/maxairvent.com\/en\/wp-json\/wp\/v2\/types\/product"}],"wp:featuredmedia":[{"embeddable":true,"href":"https:\/\/maxairvent.com\/en\/wp-json\/wp\/v2\/media\/1213"}],"wp:attachment":[{"href":"https:\/\/maxairvent.com\/en\/wp-json\/wp\/v2\/media?parent=1211"}],"wp:term":[{"taxonomy":"product_brand","embeddable":true,"href":"https:\/\/maxairvent.com\/en\/wp-json\/wp\/v2\/product_brand?post=1211"},{"taxonomy":"product_cat","embeddable":true,"href":"https:\/\/maxairvent.com\/en\/wp-json\/wp\/v2\/product_cat?post=1211"},{"taxonomy":"product_tag","embeddable":true,"href":"https:\/\/maxairvent.com\/en\/wp-json\/wp\/v2\/product_tag?post=1211"}],"curies":[{"name":"wp","href":"https:\/\/api.w.org\/{rel}","templated":true}]}}